{"id":407,"date":"2017-06-19T23:19:13","date_gmt":"2017-06-19T23:19:13","guid":{"rendered":"http:\/\/www.mvpthemes.com\/zoxnews\/?page_id=5"},"modified":"2025-11-13T17:31:27","modified_gmt":"2025-11-13T17:31:27","slug":"home","status":"publish","type":"page","link":"https:\/\/lahora.mx\/","title":{"rendered":"Home"},"content":{"rendered":"\n<p>El Departamento del Tesoro de Estados Unidos sancion\u00f3 a la familia Hysa y a un grupo de empresas en M\u00e9xico y Canad\u00e1 por presunto lavado de dinero para el C\u00e1rtel de Sinaloa a trav\u00e9s de casinos, restaurantes y otras operaciones comerciales.<\/p>\n\n\n\n<p>La Oficina de Control de Activos Extranjeros (OFAC, por sus siglas en ingl\u00e9s) y la Red de Control de Delitos Financieros (FinCEN, por sus siglas en ingl\u00e9s), se unieron al Gobierno de M\u00e9xico para desarticular al grupo criminal organizado Hysa y numerosos establecimientos de juego en M\u00e9xico involucrados en lavado de dinero vinculado a c\u00e1rteles y una amplia gama de otras actividades delictivas en M\u00e9xico y Europa.<\/p>\n\n\n\n<p>De acuerdo con el Tesoro, el llamado Grupo de Delincuencia Organizada Hysa (GDOH) es dirigido por los hermanos Luftar, Arben, Ramiz, Fatos y Fabjon Hysa, quienes, mediante inversiones en negocios de entretenimiento y hosteler\u00eda en M\u00e9xico, lavaron fondos del narcotr\u00e1fico bajo la protecci\u00f3n del C\u00e1rtel de Sinaloa.Entre las empresas sancionadas figuran Entretenimiento Palmero S.A. de C.V., Diversiones Los Mochis S.A. de C.V., Cucina del Porto S.A. de C.V., Rosetta Gaming S.A. de C.V., y Procesadora de Alimentos Hs S.A. de C.V., adem\u00e1s de filiales en Canad\u00e1 y Polonia<\/p>\n","protected":false},"excerpt":{"rendered":"<p>El Departamento del Tesoro de Estados Unidos sancion\u00f3 a la familia Hysa y a un grupo de empresas en M\u00e9xico y Canad\u00e1 por presunto lavado de dinero para el C\u00e1rtel de Sinaloa a trav\u00e9s de casinos, restaurantes y otras operaciones comerciales. La Oficina de Control de Activos Extranjeros (OFAC, por sus siglas en ingl\u00e9s) y [&hellip;]<\/p>\n","protected":false},"author":1,"featured_media":71196,"parent":0,"menu_order":0,"comment_status":"closed","ping_status":"closed","template":"page-home.php","meta":{"om_disable_all_campaigns":false,"_monsterinsights_skip_tracking":false,"_monsterinsights_sitenote_active":false,"_monsterinsights_sitenote_note":"","_monsterinsights_sitenote_category":0,"footnotes":""},"class_list":["post-407","page","type-page","status-publish","has-post-thumbnail","hentry"],"_links":{"self":[{"href":"https:\/\/lahora.mx\/index.php\/wp-json\/wp\/v2\/pages\/407","targetHints":{"allow":["GET"]}}],"collection":[{"href":"https:\/\/lahora.mx\/index.php\/wp-json\/wp\/v2\/pages"}],"about":[{"href":"https:\/\/lahora.mx\/index.php\/wp-json\/wp\/v2\/types\/page"}],"author":[{"embeddable":true,"href":"https:\/\/lahora.mx\/index.php\/wp-json\/wp\/v2\/users\/1"}],"replies":[{"embeddable":true,"href":"https:\/\/lahora.mx\/index.php\/wp-json\/wp\/v2\/comments?post=407"}],"version-history":[{"count":1,"href":"https:\/\/lahora.mx\/index.php\/wp-json\/wp\/v2\/pages\/407\/revisions"}],"predecessor-version":[{"id":71197,"href":"https:\/\/lahora.mx\/index.php\/wp-json\/wp\/v2\/pages\/407\/revisions\/71197"}],"wp:featuredmedia":[{"embeddable":true,"href":"https:\/\/lahora.mx\/index.php\/wp-json\/wp\/v2\/media\/71196"}],"wp:attachment":[{"href":"https:\/\/lahora.mx\/index.php\/wp-json\/wp\/v2\/media?parent=407"}],"curies":[{"name":"wp","href":"https:\/\/api.w.org\/{rel}","templated":true}]}}